{"id":521,"date":"2023-06-26T13:49:02","date_gmt":"2023-06-26T11:49:02","guid":{"rendered":"https:\/\/vador-technologies.com\/index.php\/accueil\/"},"modified":"2023-06-26T17:40:19","modified_gmt":"2023-06-26T15:40:19","slug":"accueil","status":"publish","type":"page","link":"https:\/\/vador-technologies.com\/index.php\/accueil\/","title":{"rendered":"Accueil"},"content":{"rendered":"<div class=\"style-463 style-local-521-c1 position-relative\" data-colibri-id=\"521-c1\">\n<div id=\"a-propos\" class=\"h-section h-section-global-spacing d-flex align-items-lg-center align-items-md-center align-items-center style-496 style-local-521-c2 position-relative\" data-colibri-component=\"section\" data-colibri-id=\"521-c2\">\n<div class=\"h-section-grid-container h-section-boxed-container\">\n<div class=\"h-row-container gutters-row-lg-0 gutters-row-md-0 gutters-row-0 gutters-row-v-lg-0 gutters-row-v-md-0 gutters-row-v-0 style-497 style-local-521-c3 position-relative\" data-colibri-id=\"521-c3\">\n<div class=\"h-row justify-content-lg-center justify-content-md-center justify-content-center align-items-lg-stretch align-items-md-stretch align-items-stretch gutters-col-lg-0 gutters-col-md-0 gutters-col-0 gutters-col-v-lg-0 gutters-col-v-md-0 gutters-col-v-0\">\n<div class=\"h-column h-column-container d-flex h-col-lg-auto h-col-md-auto h-col-auto style-498-outer style-local-521-c4-outer\">\n<div class=\"d-flex h-flex-basis h-column__inner h-px-lg-0 h-px-md-0 h-px-0 v-inner-lg-0 v-inner-md-0 v-inner-0 style-498 style-local-521-c4 position-relative\" data-colibri-id=\"521-c4\">\n<div class=\"w-100 h-y-container h-column__content h-column__v-align flex-basis-100 align-self-lg-start align-self-md-start align-self-start\">\n<div class=\"h-global-transition-all h-heading style-499 style-local-521-c5 position-relative h-element\" data-colibri-id=\"521-c5\">\n<div class=\"h-heading__outer style-499 style-local-521-c5\">\n<h3 class=\"\">Qui sommes nous ?<\/h3>\n<\/div>\n<\/div>\n<div class=\"h-text h-text-component style-501 style-local-521-c6 position-relative h-element\" data-colibri-id=\"521-c6\">\n<div class=\"\">\n\nVador Technologies est un bureau d\u2019achat qui vous accompagne dans vos achats \u00e0 l\u2019international. Nous sommes \u00e0 vos c\u00f4t\u00e9s pour vous fournir notre expertise sur vos questionnements en termes de gestion et de logistique pour vos achats\nstrat\u00e9giques et g\u00e9n\u00e9raux.\n\nNos collaborateurs peuvent apporter des conseils et solutions afin d\u2019optimiser vos approvisionnements en toute s\u00e9r\u00e9nit\u00e9.\n\n<\/div>\n<\/div>\n<div class=\"h-text h-text-component style-516 style-local-521-c7 position-relative h-element\" data-colibri-id=\"521-c7\">\n<div class=\"\">\n\nNous op\u00e9rons dans les secteurs primaires :\n\n<\/div>\n<\/div>\n<div class=\"h-lead h-text h-text-component style-517 style-local-521-c8 position-relative h-element\" data-colibri-id=\"521-c8\">\n<div class=\"\">\n\nExtraction mini\u00e8re, p\u00e9troli\u00e8re et BTP, Agriculture et Elevage\n\n<\/div>\n<\/div>\n<div class=\"h-text h-text-component style-518 style-local-521-c9 position-relative h-element\" data-colibri-id=\"521-c9\">\n<div class=\"\">\n\nNous sommes pr\u00e9sents \u00e9galement dans les secteurs secondaires :\n\n<\/div>\n<\/div>\n<div class=\"h-lead h-text h-text-component style-519 style-local-521-c10 position-relative h-element\" data-colibri-id=\"521-c10\">\n<div class=\"\">\n\nChimie de sp\u00e9cialit\u00e9 et commodit\u00e9,\n\nIndustrie Agro-alimentaire\n\n<\/div>\n<\/div>\n<\/div>\n<\/div>\n<\/div>\n<div class=\"h-column h-column-container d-flex h-col-lg-auto h-col-md-auto h-col-auto style-502-outer style-local-521-c11-outer\">\n<div class=\"d-flex h-flex-basis h-column__inner h-ui-empty-state-container h-px-lg-2 h-px-md-2 h-px-2 v-inner-lg-2 v-inner-md-2 v-inner-2 style-502 style-local-521-c11 position-relative\" data-colibri-id=\"521-c11\">\n<div class=\"w-100 h-y-container h-column__content h-column__v-align flex-basis-100\"><\/div>\n<\/div>\n<\/div>\n<\/div>\n<\/div>\n<\/div>\n<\/div>\n<div id=\"contact\" class=\"h-section h-section-global-spacing d-flex align-items-lg-center align-items-md-center align-items-center style-503 style-local-521-c12 position-relative\" data-colibri-component=\"section\" data-colibri-id=\"521-c12\">\n<div class=\"background-wrapper\">\n<div class=\"background-layer background-layer-media-container-lg\">\n<div class=\"overlay-layer\">\n<div class=\"overlay-image-layer\" style=\"background-color: #17252a; opacity: 0.5;\"><\/div>\n<\/div>\n<\/div>\n<div class=\"background-layer background-layer-media-container-md\">\n<div class=\"overlay-layer\">\n<div class=\"overlay-image-layer\" style=\"background-color: #17252a; opacity: 0.5;\"><\/div>\n<\/div>\n<\/div>\n<div class=\"background-layer background-layer-media-container\">\n<div class=\"overlay-layer\">\n<div class=\"overlay-image-layer\" style=\"background-color: #17252a; opacity: 0.5;\"><\/div>\n<\/div>\n<\/div>\n<\/div>\n<div class=\"h-section-grid-container h-section-boxed-container\">\n<div class=\"h-row-container gutters-row-lg-2 gutters-row-md-2 gutters-row-2 gutters-row-v-lg-2 gutters-row-v-md-2 gutters-row-v-2 style-504 style-local-521-c13 position-relative\" data-colibri-id=\"521-c13\">\n<div class=\"h-row justify-content-lg-center justify-content-md-center justify-content-center align-items-lg-stretch align-items-md-stretch align-items-stretch gutters-col-lg-2 gutters-col-md-2 gutters-col-2 gutters-col-v-lg-2 gutters-col-v-md-2 gutters-col-v-2\">\n<div class=\"h-column h-column-container d-flex h-col-lg-12 h-col-md-12 h-col-12 style-505-outer style-local-521-c14-outer\">\n<div class=\"d-flex h-flex-basis h-column__inner h-px-lg-0 h-px-md-0 h-px-0 v-inner-lg-0 v-inner-md-0 v-inner-0 style-505 style-local-521-c14 position-relative\" data-colibri-id=\"521-c14\">\n<div class=\"w-100 h-y-container h-column__content h-column__v-align flex-basis-100 align-self-lg-start align-self-md-start align-self-start\">\n<div class=\"h-row-container gutters-row-lg-0 gutters-row-md-0 gutters-row-0 gutters-row-v-lg-0 gutters-row-v-md-0 gutters-row-v-0 style-506 style-local-521-c15 position-relative\" data-colibri-id=\"521-c15\">\n<div class=\"h-row justify-content-lg-center justify-content-md-center justify-content-center align-items-lg-stretch align-items-md-stretch align-items-stretch gutters-col-lg-0 gutters-col-md-0 gutters-col-0 gutters-col-v-lg-0 gutters-col-v-md-0 gutters-col-v-0\">\n<div class=\"h-column h-column-container d-flex h-col-lg-auto h-col-md-auto h-col-auto style-507-outer style-local-521-c16-outer\">\n<div class=\"d-flex h-flex-basis h-column__inner h-px-lg-0 h-px-md-0 h-px-0 v-inner-lg-0 v-inner-md-0 v-inner-0 style-507 style-local-521-c16 position-relative\" data-colibri-id=\"521-c16\">\n<div class=\"w-100 h-y-container h-column__content h-column__v-align flex-basis-100 align-self-lg-center align-self-md-center align-self-center\">\n<div class=\"h-global-transition-all h-heading style-508 style-local-521-c17 position-relative h-element\" data-colibri-id=\"521-c17\">\n<div class=\"h-heading__outer style-508 style-local-521-c17\">\n<h4 class=\"\">Information de CONTACT<\/h4>\n<\/div>\n<\/div>\n<div class=\"h-icon style-509 style-local-521-c18 position-relative h-element\" data-colibri-id=\"521-c18\"><span class=\"h-svg-icon h-icon__icon style-509-icon style-local-521-c18-icon\"><!--Icon by Font Awesome (https:\/\/fontawesome.com)-->\n<\/span><\/div>\n<div class=\"h-global-transition-all h-heading style-510 style-local-521-c19 position-relative h-element\" data-colibri-id=\"521-c19\">\n<div class=\"h-heading__outer style-510 style-local-521-c19\">\n<h5 class=\"\">+230 465 55 26<\/h5>\n<\/div>\n<\/div>\n<div class=\"h-global-transition-all h-heading style-696 style-local-521-c20 position-relative h-element\" data-colibri-id=\"521-c20\">\n<div class=\"h-heading__outer style-696 style-local-521-c20\">\n<h5 class=\"\">contact@vador-technologies.com<\/h5>\n<\/div>\n<\/div>\n<\/div>\n<\/div>\n<\/div>\n<div class=\"h-column h-column-container d-flex h-col-lg-auto h-col-md-auto h-col-auto style-512-outer style-local-521-c21-outer\">\n<div class=\"d-flex h-flex-basis h-column__inner h-px-lg-0 h-px-md-0 h-px-0 v-inner-lg-0 v-inner-md-0 v-inner-0 style-512 style-local-521-c21 position-relative\" data-colibri-id=\"521-c21\">\n<div class=\"w-100 h-y-container h-column__content h-column__v-align flex-basis-100 align-self-lg-center align-self-md-center align-self-center\">\n<div class=\"h-contact-form__outer--forminator style-513 style-local-521-c22 position-relative h-element\" data-colibri-id=\"521-c22\">\n<div class=\"h-global-transition-all h-global-transition h-global-transition-all h-contact-form-shortcode\"><div class=\"forminator-ui forminator-custom-form forminator-custom-form-131 forminator-design--material  forminator_ajax\" data-forminator-render=\"0\" data-form=\"forminator-module-131\" data-uid=\"69e15402f269a\"><br\/><\/div><form\n\t\t\t\tid=\"forminator-module-131\"\n\t\t\t\tclass=\"forminator-ui forminator-custom-form forminator-custom-form-131 forminator-design--material  forminator_ajax\"\n\t\t\t\tmethod=\"post\"\n\t\t\t\tdata-forminator-render=\"0\"\n\t\t\t\tdata-form-id=\"131\"\n\t\t\t\t data-color-option=\"default\" data-design=\"material\" data-grid=\"open\" style=\"display: none;\"\n\t\t\t\tdata-uid=\"69e15402f269a\"\n\t\t\t><div role=\"alert\" aria-live=\"polite\" class=\"forminator-response-message forminator-error\" aria-hidden=\"true\"><\/div><div class=\"forminator-row\"><div id=\"name-1\" class=\"forminator-field-name forminator-col forminator-col-12 \"><div class=\"forminator-field\"><label for=\"forminator-field-name-1_69e15402f269a\" id=\"forminator-field-name-1_69e15402f269a-label\" class=\"forminator-label\">Pr\u00e9nom <span class=\"forminator-required\">*<\/span><\/label><input type=\"text\" name=\"name-1\" value=\"\" placeholder=\"Par exemple\u00a0: Jean\" id=\"forminator-field-name-1_69e15402f269a\" class=\"forminator-input forminator-name--field\" aria-required=\"true\" autocomplete=\"name\" \/><\/div><\/div><\/div><div class=\"forminator-row\"><div id=\"name-2\" class=\"forminator-field-name forminator-col forminator-col-12 \"><div class=\"forminator-field\"><label for=\"forminator-field-name-2_69e15402f269a\" id=\"forminator-field-name-2_69e15402f269a-label\" class=\"forminator-label\">Nom <span class=\"forminator-required\">*<\/span><\/label><input type=\"text\" name=\"name-2\" value=\"\" placeholder=\"Par exemple\u00a0: Dupont\" id=\"forminator-field-name-2_69e15402f269a\" class=\"forminator-input forminator-name--field\" aria-required=\"true\" autocomplete=\"name\" \/><\/div><\/div><\/div><div class=\"forminator-row\"><div id=\"email-1\" class=\"forminator-field-email forminator-col forminator-col-12 \"><div class=\"forminator-field\"><label for=\"forminator-field-email-1_69e15402f269a\" id=\"forminator-field-email-1_69e15402f269a-label\" class=\"forminator-label\">Adresse de messagerie <span class=\"forminator-required\">*<\/span><\/label><input type=\"email\" name=\"email-1\" value=\"\" placeholder=\"Par exemple\u00a0: jacques@martin.com\" id=\"forminator-field-email-1_69e15402f269a\" class=\"forminator-input forminator-email--field\" data-required=\"true\" aria-required=\"true\" autocomplete=\"email\" \/><\/div><\/div><\/div><div class=\"forminator-row\"><div id=\"phone-1\" class=\"forminator-field-phone forminator-col forminator-col-12 \"><div class=\"forminator-field\"><label for=\"forminator-field-phone-1_69e15402f269a\" id=\"forminator-field-phone-1_69e15402f269a-label\" class=\"forminator-label\">Num\u00e9ro de t\u00e9l\u00e9phone<\/label><input type=\"text\" name=\"phone-1\" value=\"\" placeholder=\"Par exemple\u00a0: +1 02 03 04 05\" id=\"forminator-field-phone-1_69e15402f269a\" class=\"forminator-input forminator-field--phone\" data-required=\"\" aria-required=\"false\" autocomplete=\"off\" data-national_mode=\"disabled\" data-country=\"mu\" data-validation=\"international\" \/><\/div><\/div><\/div><div class=\"forminator-row\"><div id=\"textarea-1\" class=\"forminator-field-textarea forminator-col forminator-col-12 \"><div class=\"forminator-field\"><label for=\"forminator-field-textarea-1_69e15402f269a\" id=\"forminator-field-textarea-1_69e15402f269a-label\" class=\"forminator-label\">Message<\/label><textarea name=\"textarea-1\" placeholder=\"Saisissez votre message\u2026\" id=\"forminator-field-textarea-1_69e15402f269a\" class=\"forminator-textarea\" rows=\"6\" style=\"min-height:200px;\" ><\/textarea><span id=\"forminator-field-textarea-1_69e15402f269a-description\" class=\"forminator-description\"><span data-limit=\"400\" data-type=\"words\" data-editor=\"\">0 \/ 400<\/span><\/span><\/div><\/div><\/div><div class=\"forminator-row\"><div id=\"captcha-1\" class=\"forminator-field-captcha forminator-col forminator-col-12 \"><div class=\"forminator-captcha-left forminator-g-recaptcha recaptcha-invisible\" data-theme=\"light\" data-badge=\"inline\" data-sitekey=\"6LeSvJMrAAAAADyub5lanoADQUxwCCTLSul1QiyN\" data-size=\"invisible\"><\/div> <\/div><\/div><input type=\"hidden\" name=\"referer_url\" value=\"\" \/><div class=\"forminator-row forminator-row-last\"><div class=\"forminator-col\"><div class=\"forminator-field\"><button class=\"forminator-button forminator-button-submit\"><span>Envoyer le message<\/span><span aria-hidden=\"true\"><\/span><\/button><\/div><\/div><\/div><input type=\"hidden\" id=\"forminator_nonce\" name=\"forminator_nonce\" value=\"b2e22f9f17\" \/><input type=\"hidden\" name=\"_wp_http_referer\" value=\"\/index.php\/wp-json\/wp\/v2\/pages\/521\" \/><input type=\"hidden\" name=\"form_id\" value=\"131\"><input type=\"hidden\" name=\"page_id\" value=\"521\"><input type=\"hidden\" name=\"form_type\" value=\"default\"><input type=\"hidden\" name=\"current_url\" value=\"https:\/\/vador-technologies.com\/index.php\/accueil\/\"><input type=\"hidden\" name=\"render_id\" value=\"0\"><input type=\"hidden\" name=\"action\" value=\"forminator_submit_form_custom-forms\"><\/form><\/div>\n<\/div>\n<\/div>\n<\/div>\n<\/div>\n<\/div>\n<\/div>\n<\/div>\n<\/div>\n<\/div>\n<\/div>\n<\/div>\n<\/div>\n<\/div>\n<\/div>","protected":false},"excerpt":{"rendered":"<p>Qui sommes nous ? Vador Technologies est un bureau d\u2019achat qui vous accompagne dans vos achats \u00e0 l\u2019international. Nous sommes \u00e0 vos c\u00f4t\u00e9s pour vous fournir notre expertise sur vos questionnements en termes de gestion et de logistique pour vos achats strat\u00e9giques et g\u00e9n\u00e9raux. Nos collaborateurs peuvent apporter des conseils et solutions afin d\u2019optimiser vos [&hellip;]<\/p>\n","protected":false},"author":1,"featured_media":0,"parent":0,"menu_order":0,"comment_status":"closed","ping_status":"closed","template":"page-templates\/full-width-page.php","meta":{"footnotes":""},"class_list":["post-521","page","type-page","status-publish","hentry"],"_links":{"self":[{"href":"https:\/\/vador-technologies.com\/index.php\/wp-json\/wp\/v2\/pages\/521","targetHints":{"allow":["GET"]}}],"collection":[{"href":"https:\/\/vador-technologies.com\/index.php\/wp-json\/wp\/v2\/pages"}],"about":[{"href":"https:\/\/vador-technologies.com\/index.php\/wp-json\/wp\/v2\/types\/page"}],"author":[{"embeddable":true,"href":"https:\/\/vador-technologies.com\/index.php\/wp-json\/wp\/v2\/users\/1"}],"replies":[{"embeddable":true,"href":"https:\/\/vador-technologies.com\/index.php\/wp-json\/wp\/v2\/comments?post=521"}],"version-history":[{"count":18,"href":"https:\/\/vador-technologies.com\/index.php\/wp-json\/wp\/v2\/pages\/521\/revisions"}],"predecessor-version":[{"id":750,"href":"https:\/\/vador-technologies.com\/index.php\/wp-json\/wp\/v2\/pages\/521\/revisions\/750"}],"wp:attachment":[{"href":"https:\/\/vador-technologies.com\/index.php\/wp-json\/wp\/v2\/media?parent=521"}],"curies":[{"name":"wp","href":"https:\/\/api.w.org\/{rel}","templated":true}]}}